{"id":125,"date":"2019-11-24T15:21:37","date_gmt":"2019-11-24T15:21:37","guid":{"rendered":"http:\/\/khourylegalinc.com\/about\/"},"modified":"2024-02-04T12:46:42","modified_gmt":"2024-02-04T12:46:42","slug":"about","status":"publish","type":"page","link":"https:\/\/khourylegalinc.com\/fr\/about\/","title":{"rendered":"About"},"content":{"rendered":"<div class=\"wpb-content-wrapper\"><p>[vc_section full_width=&#8221;stretch_row&#8221; full_height=&#8221;yes&#8221; content_placement=&#8221;middle&#8221; woodmart_bg_position=&#8221;center-center&#8221; woodmart_gradient_switch=&#8221;no&#8221; css=&#8221;.vc_custom_1706377794841{margin-top: -150px !important;margin-bottom: -40px !important;padding-top: 40vh !important;padding-bottom: 40vh !important;background-image: url(https:\/\/khourylegalinc.com\/wp-content\/uploads\/2024\/01\/About-us-page.jpg?id=279) !important;background-position: center !important;background-repeat: no-repeat !important;background-size: cover !important;}&#8221; mobile_bg_img_hidden=&#8221;yes&#8221; tablet_bg_img_hidden=&#8221;no&#8221; woodmart_parallax=&#8221;0&#8243; woodmart_disable_overflow=&#8221;0&#8243;][vc_row css=&#8221;.vc_custom_1574608767493{margin-top: -150px !important;margin-right: 15px !important;margin-left: 15px !important;}&#8221; mobile_bg_img_hidden=&#8221;no&#8221; tablet_bg_img_hidden=&#8221;no&#8221; woodmart_parallax=&#8221;0&#8243; woodmart_gradient_switch=&#8221;no&#8221; row_reverse_mobile=&#8221;0&#8243; row_reverse_tablet=&#8221;0&#8243; woodmart_disable_overflow=&#8221;0&#8243;][vc_column width=&#8221;1\/2&#8243; css=&#8221;.vc_custom_1579626835368{padding-top: 0px !important;}&#8221; offset=&#8221;vc_hidden-sm vc_hidden-xs&#8221; mobile_bg_img_hidden=&#8221;no&#8221; tablet_bg_img_hidden=&#8221;no&#8221; woodmart_parallax=&#8221;0&#8243; woodmart_sticky_column=&#8221;false&#8221; parallax_scroll=&#8221;no&#8221; mobile_reset_margin=&#8221;no&#8221; tablet_reset_margin=&#8221;no&#8221;][\/vc_column][vc_column width=&#8221;1\/2&#8243; css=&#8221;.vc_custom_1579626821746{padding-top: 40px !important;padding-right: 40px !important;padding-bottom: 10px !important;padding-left: 40px !important;background-color: #ffffff !important;}&#8221; offset=&#8221;vc_hidden-sm vc_hidden-xs&#8221; mobile_bg_img_hidden=&#8221;no&#8221; tablet_bg_img_hidden=&#8221;no&#8221; woodmart_parallax=&#8221;0&#8243; woodmart_sticky_column=&#8221;false&#8221; parallax_scroll=&#8221;no&#8221; mobile_reset_margin=&#8221;no&#8221; tablet_reset_margin=&#8221;no&#8221;][vc_separator color=&#8221;custom&#8221; border_width=&#8221;2&#8243; accent_color=&#8221;#af8751&#8243; css=&#8221;.vc_custom_1575552207895{margin-bottom: 30px !important;padding-top: 50px !important;}&#8221;][vc_column_text el_class=&#8221;text-larger&#8221; css=&#8221;.vc_custom_1707050762592{margin-bottom: 30px !important;}&#8221; text_larger=&#8221;no&#8221;]<\/p>\n<div style=\"text-align: justify;\"><span style=\"color: #000000;\">Rami Khoury est un Notaire et un Conseiller Juridique pratiquant dans la ville de Montr\u00e9al, Qu\u00e9bec, Canada. Il offre de nombreux services juridiques, poss\u00e8de une grande expertise, et a une attention particuli\u00e8re aux d\u00e9tails. Son engagement est toujours la satisfaction de sa client\u00e8le. Il parle anglais, fran\u00e7ais, arabe et espagnol. Son \u00e9quipe et lui sont toujours disponibles et efficaces.<\/span><\/div>\n<p>[\/vc_column_text][vc_separator color=&#8221;custom&#8221; border_width=&#8221;2&#8243; accent_color=&#8221;#af8751&#8243; css=&#8221;.vc_custom_1575552243557{margin-bottom: 30px !important;padding-bottom: 50px !important;}&#8221;][\/vc_column][\/vc_row][vc_row css=&#8221;.vc_custom_1580042351222{margin-right: 15px !important;margin-left: 15px !important;}&#8221; mobile_bg_img_hidden=&#8221;no&#8221; tablet_bg_img_hidden=&#8221;no&#8221; woodmart_parallax=&#8221;0&#8243; woodmart_gradient_switch=&#8221;no&#8221; row_reverse_mobile=&#8221;0&#8243; row_reverse_tablet=&#8221;0&#8243; woodmart_disable_overflow=&#8221;0&#8243;][vc_column width=&#8221;1\/2&#8243; css=&#8221;.vc_custom_1579627037601{padding-top: 0px !important;}&#8221; offset=&#8221;vc_hidden-lg vc_hidden-md&#8221; mobile_bg_img_hidden=&#8221;no&#8221; tablet_bg_img_hidden=&#8221;no&#8221; woodmart_parallax=&#8221;0&#8243; woodmart_sticky_column=&#8221;false&#8221; parallax_scroll=&#8221;no&#8221; mobile_reset_margin=&#8221;no&#8221; tablet_reset_margin=&#8221;no&#8221;][\/vc_column][vc_column width=&#8221;1\/2&#8243; css=&#8221;.vc_custom_1579627440171{padding-top: 40px !important;padding-right: 40px !important;padding-bottom: 10px !important;padding-left: 40px !important;}&#8221; mobile_bg_img_hidden=&#8221;no&#8221; tablet_bg_img_hidden=&#8221;no&#8221; woodmart_parallax=&#8221;0&#8243; woodmart_sticky_column=&#8221;false&#8221; parallax_scroll=&#8221;no&#8221; mobile_reset_margin=&#8221;no&#8221; tablet_reset_margin=&#8221;no&#8221; offset=&#8221;vc_hidden-lg vc_hidden-md&#8221;][vc_single_image image=&#8221;281&#8243; img_size=&#8221;full&#8221; alignment=&#8221;center&#8221; parallax_scroll=&#8221;no&#8221; css=&#8221;.vc_custom_1706378079418{margin-bottom: 0px !important;}&#8221;][vc_separator color=&#8221;custom&#8221; border_width=&#8221;2&#8243; accent_color=&#8221;#af8751&#8243; css=&#8221;.vc_custom_1579627270072{margin-bottom: 30px !important;padding-top: 10px !important;}&#8221;][vc_column_text el_class=&#8221;text-larger&#8221; css=&#8221;.vc_custom_1707050801958{margin-bottom: 30px !important;}&#8221; text_larger=&#8221;no&#8221;]<\/p>\n<div style=\"text-align: justify;\"><span style=\"color: #ffffff;\">Rami Khoury est un Notaire et un Conseiller Juridique pratiquant dans la ville de Montr\u00e9al, Qu\u00e9bec, Canada. Il offre de nombreux services juridiques, poss\u00e8de une grande expertise, et a une attention particuli\u00e8re aux d\u00e9tails. Son engagement est toujours la satisfaction de sa client\u00e8le. Il parle anglais, fran\u00e7ais, arabe et espagnol. Son \u00e9quipe et lui sont toujours disponibles et efficaces.<\/span><\/div>\n<p>[\/vc_column_text][vc_separator color=&#8221;custom&#8221; border_width=&#8221;2&#8243; accent_color=&#8221;#af8751&#8243;][\/vc_column][\/vc_row][\/vc_section]<\/p>\n<\/div>","protected":false},"excerpt":{"rendered":"<p>[vc_section full_width=&#8221;stretch_row&#8221; full_height=&#8221;yes&#8221; content_placement=&#8221;middle&#8221; woodmart_bg_position=&#8221;center-center&#8221; woodmart_gradient_switch=&#8221;no&#8221; css=&#8221;.vc_custom_1706377794841{margin-top: -150px !important;margin-bottom: -40px !important;padding-top: 40vh !important;padding-bottom: 40vh !important;background-image: url(https:\/\/khourylegalinc.com\/wp-content\/uploads\/2024\/01\/About-us-page.jpg?id=279) !important;background-position: center !important;background-repeat: no-repeat<\/p>\n","protected":false},"author":1,"featured_media":0,"parent":0,"menu_order":0,"comment_status":"closed","ping_status":"closed","template":"","meta":{"footnotes":""},"class_list":["post-125","page","type-page","status-publish","hentry"],"yoast_head":"<!-- This site is optimized with the Yoast SEO plugin v22.4 - https:\/\/yoast.com\/wordpress\/plugins\/seo\/ -->\n<title>About - Khoury Legal INC<\/title>\n<meta name=\"robots\" content=\"index, follow, max-snippet:-1, max-image-preview:large, max-video-preview:-1\" \/>\n<link rel=\"canonical\" href=\"https:\/\/khourylegalinc.com\/fr\/about\/\" \/>\n<meta property=\"og:locale\" content=\"fr_FR\" \/>\n<meta property=\"og:type\" content=\"article\" \/>\n<meta property=\"og:title\" content=\"About - Khoury Legal INC\" \/>\n<meta property=\"og:description\" content=\"[vc_section full_width=&#8221;stretch_row&#8221; full_height=&#8221;yes&#8221; content_placement=&#8221;middle&#8221; woodmart_bg_position=&#8221;center-center&#8221; woodmart_gradient_switch=&#8221;no&#8221; css=&#8221;.vc_custom_1706377794841{margin-top: -150px !important;margin-bottom: -40px !important;padding-top: 40vh !important;padding-bottom: 40vh !important;background-image: url(https:\/\/khourylegalinc.com\/wp-content\/uploads\/2024\/01\/About-us-page.jpg?id=279) !important;background-position: center !important;background-repeat: no-repeat\" \/>\n<meta property=\"og:url\" content=\"https:\/\/khourylegalinc.com\/fr\/about\/\" \/>\n<meta property=\"og:site_name\" content=\"Khoury Legal INC\" \/>\n<meta property=\"article:modified_time\" content=\"2024-02-04T12:46:42+00:00\" \/>\n<meta name=\"twitter:card\" content=\"summary_large_image\" \/>\n<meta name=\"twitter:label1\" content=\"Dur\u00e9e de lecture estim\u00e9e\" \/>\n\t<meta name=\"twitter:data1\" content=\"3 minutes\" \/>\n<script type=\"application\/ld+json\" class=\"yoast-schema-graph\">{\"@context\":\"https:\/\/schema.org\",\"@graph\":[{\"@type\":\"WebPage\",\"@id\":\"https:\/\/khourylegalinc.com\/fr\/about\/\",\"url\":\"https:\/\/khourylegalinc.com\/fr\/about\/\",\"name\":\"About - Khoury Legal INC\",\"isPartOf\":{\"@id\":\"https:\/\/site13533.gowizhost.com\/#website\"},\"datePublished\":\"2019-11-24T15:21:37+00:00\",\"dateModified\":\"2024-02-04T12:46:42+00:00\",\"breadcrumb\":{\"@id\":\"https:\/\/khourylegalinc.com\/fr\/about\/#breadcrumb\"},\"inLanguage\":\"fr-FR\",\"potentialAction\":[{\"@type\":\"ReadAction\",\"target\":[\"https:\/\/khourylegalinc.com\/fr\/about\/\"]}]},{\"@type\":\"BreadcrumbList\",\"@id\":\"https:\/\/khourylegalinc.com\/fr\/about\/#breadcrumb\",\"itemListElement\":[{\"@type\":\"ListItem\",\"position\":1,\"name\":\"Home\",\"item\":\"https:\/\/site13533.gowizhost.com\/fr\/home\/\"},{\"@type\":\"ListItem\",\"position\":2,\"name\":\"About\"}]},{\"@type\":\"WebSite\",\"@id\":\"https:\/\/site13533.gowizhost.com\/#website\",\"url\":\"https:\/\/site13533.gowizhost.com\/\",\"name\":\"Khoury Legal INC\",\"description\":\"Exclusive Legal Services\",\"potentialAction\":[{\"@type\":\"SearchAction\",\"target\":{\"@type\":\"EntryPoint\",\"urlTemplate\":\"https:\/\/site13533.gowizhost.com\/?s={search_term_string}\"},\"query-input\":\"required name=search_term_string\"}],\"inLanguage\":\"fr-FR\"}]}<\/script>\n<!-- \/ Yoast SEO plugin. -->","yoast_head_json":{"title":"About - Khoury Legal INC","robots":{"index":"index","follow":"follow","max-snippet":"max-snippet:-1","max-image-preview":"max-image-preview:large","max-video-preview":"max-video-preview:-1"},"canonical":"https:\/\/khourylegalinc.com\/fr\/about\/","og_locale":"fr_FR","og_type":"article","og_title":"About - Khoury Legal INC","og_description":"[vc_section full_width=&#8221;stretch_row&#8221; full_height=&#8221;yes&#8221; content_placement=&#8221;middle&#8221; woodmart_bg_position=&#8221;center-center&#8221; woodmart_gradient_switch=&#8221;no&#8221; css=&#8221;.vc_custom_1706377794841{margin-top: -150px !important;margin-bottom: -40px !important;padding-top: 40vh !important;padding-bottom: 40vh !important;background-image: url(https:\/\/khourylegalinc.com\/wp-content\/uploads\/2024\/01\/About-us-page.jpg?id=279) !important;background-position: center !important;background-repeat: no-repeat","og_url":"https:\/\/khourylegalinc.com\/fr\/about\/","og_site_name":"Khoury Legal INC","article_modified_time":"2024-02-04T12:46:42+00:00","twitter_card":"summary_large_image","twitter_misc":{"Dur\u00e9e de lecture estim\u00e9e":"3 minutes"},"schema":{"@context":"https:\/\/schema.org","@graph":[{"@type":"WebPage","@id":"https:\/\/khourylegalinc.com\/fr\/about\/","url":"https:\/\/khourylegalinc.com\/fr\/about\/","name":"About - Khoury Legal INC","isPartOf":{"@id":"https:\/\/site13533.gowizhost.com\/#website"},"datePublished":"2019-11-24T15:21:37+00:00","dateModified":"2024-02-04T12:46:42+00:00","breadcrumb":{"@id":"https:\/\/khourylegalinc.com\/fr\/about\/#breadcrumb"},"inLanguage":"fr-FR","potentialAction":[{"@type":"ReadAction","target":["https:\/\/khourylegalinc.com\/fr\/about\/"]}]},{"@type":"BreadcrumbList","@id":"https:\/\/khourylegalinc.com\/fr\/about\/#breadcrumb","itemListElement":[{"@type":"ListItem","position":1,"name":"Home","item":"https:\/\/site13533.gowizhost.com\/fr\/home\/"},{"@type":"ListItem","position":2,"name":"About"}]},{"@type":"WebSite","@id":"https:\/\/site13533.gowizhost.com\/#website","url":"https:\/\/site13533.gowizhost.com\/","name":"Khoury Legal INC","description":"Exclusive Legal Services","potentialAction":[{"@type":"SearchAction","target":{"@type":"EntryPoint","urlTemplate":"https:\/\/site13533.gowizhost.com\/?s={search_term_string}"},"query-input":"required name=search_term_string"}],"inLanguage":"fr-FR"}]}},"_links":{"self":[{"href":"https:\/\/khourylegalinc.com\/fr\/wp-json\/wp\/v2\/pages\/125","targetHints":{"allow":["GET"]}}],"collection":[{"href":"https:\/\/khourylegalinc.com\/fr\/wp-json\/wp\/v2\/pages"}],"about":[{"href":"https:\/\/khourylegalinc.com\/fr\/wp-json\/wp\/v2\/types\/page"}],"author":[{"embeddable":true,"href":"https:\/\/khourylegalinc.com\/fr\/wp-json\/wp\/v2\/users\/1"}],"replies":[{"embeddable":true,"href":"https:\/\/khourylegalinc.com\/fr\/wp-json\/wp\/v2\/comments?post=125"}],"version-history":[{"count":21,"href":"https:\/\/khourylegalinc.com\/fr\/wp-json\/wp\/v2\/pages\/125\/revisions"}],"predecessor-version":[{"id":164,"href":"https:\/\/khourylegalinc.com\/fr\/wp-json\/wp\/v2\/pages\/125\/revisions\/164"}],"wp:attachment":[{"href":"https:\/\/khourylegalinc.com\/fr\/wp-json\/wp\/v2\/media?parent=125"}],"curies":[{"name":"wp","href":"https:\/\/api.w.org\/{rel}","templated":true}]}}