{"id":121,"date":"2019-11-18T18:03:58","date_gmt":"2019-11-18T18:03:58","guid":{"rendered":"http:\/\/khourylegalinc.com\/home\/"},"modified":"2021-02-25T11:51:48","modified_gmt":"2021-02-25T11:51:48","slug":"home","status":"publish","type":"page","link":"https:\/\/khourylegalinc.com\/fr\/","title":{"rendered":"Home"},"content":{"rendered":"<div class=\"wpb-content-wrapper\"><p>[vc_row css=&#8221;.vc_custom_1574153481269{margin-top: -50px !important;}&#8221; mobile_bg_img_hidden=&#8221;no&#8221; tablet_bg_img_hidden=&#8221;no&#8221; woodmart_parallax=&#8221;0&#8243; woodmart_gradient_switch=&#8221;no&#8221; row_reverse_mobile=&#8221;0&#8243; row_reverse_tablet=&#8221;0&#8243; woodmart_disable_overflow=&#8221;0&#8243;][vc_column]\n\t\t\t<!-- START English 1 REVOLUTION SLIDER 6.7.1 --><p class=\"rs-p-wp-fix\"><\/p>\n\t\t\t<rs-module-wrap id=\"rev_slider_2_1_wrapper\" data-source=\"gallery\" style=\"visibility:hidden;background:transparent;padding:0;\">\n\t\t\t\t<rs-module id=\"rev_slider_2_1\" style=\"\" data-version=\"6.7.1\">\n\t\t\t\t\t<rs-slides style=\"overflow: hidden; position: absolute;\">\n\t\t\t\t\t\t<rs-slide style=\"position: absolute;\" data-key=\"rs-2\" data-title=\"Slide\" data-anim=\"ms:1000;r:0;\" data-in=\"o:0;\" data-out=\"a:false;\">\n\t\t\t\t\t\t\t<img decoding=\"async\" src=\"\/\/khourylegalinc.com\/wp-content\/plugins\/revslider\/sr6\/assets\/assets\/dummy.png\" alt=\"Front-Page-Slider\" title=\"Front-Page-Slider\" width=\"1600\" height=\"895\" class=\"rev-slidebg tp-rs-img rs-lazyload\" data-lazyload=\"\/\/khourylegalinc.com\/wp-content\/uploads\/2019\/11\/Front-Page-Slider.jpg\" data-no-retina>\n<!--\n\t\t\t\t\t\t\t--><rs-layer\n\t\t\t\t\t\t\t\tid=\"slider-2-slide-2-layer-0\" \n\t\t\t\t\t\t\t\tdata-type=\"text\"\n\t\t\t\t\t\t\t\tdata-rsp_ch=\"on\"\n\t\t\t\t\t\t\t\tdata-xy=\"x:c;xo:0,0,0,-22px;y:t,t,t,m;yo:350px,350px,350px,-62px;\"\n\t\t\t\t\t\t\t\tdata-text=\"w:nowrap;s:70,70,70,28;l:25,25,25,9;fw:500;\"\n\t\t\t\t\t\t\t\tdata-dim=\"w:1009,1009,1009,389;h:auto,auto,auto,12px;\"\n\t\t\t\t\t\t\t\tdata-frame_999=\"o:0;st:w;\"\n\t\t\t\t\t\t\t\tstyle=\"z-index:8;font-family:'Georgia', 'serif';\"\n\t\t\t\t\t\t\t>Services Juridiques Personnalis\u00e9s \n\t\t\t\t\t\t\t<\/rs-layer><!--\n\n\t\t\t\t\t\t\t--><rs-layer\n\t\t\t\t\t\t\t\tid=\"slider-2-slide-2-layer-1\" \n\t\t\t\t\t\t\t\tdata-type=\"text\"\n\t\t\t\t\t\t\t\tdata-rsp_ch=\"on\"\n\t\t\t\t\t\t\t\tdata-xy=\"x:c;xo:-5px,-5px,-5px,-20px;yo:458px,458px,458px,354px;\"\n\t\t\t\t\t\t\t\tdata-text=\"w:normal;s:32,32,32,16;l:25,25,25,9;\"\n\t\t\t\t\t\t\t\tdata-frame_999=\"o:0;st:w;\"\n\t\t\t\t\t\t\t\tstyle=\"z-index:11;font-family:'Roboto';\"\n\t\t\t\t\t\t\t>Adapter leurs solutions en cons\u00e9quence. \n\t\t\t\t\t\t\t<\/rs-layer><!--\n\n\t\t\t\t\t\t\t--><rs-layer\n\t\t\t\t\t\t\t\tid=\"slider-2-slide-2-layer-3\" \n\t\t\t\t\t\t\t\tdata-type=\"text\"\n\t\t\t\t\t\t\t\tdata-rsp_ch=\"on\"\n\t\t\t\t\t\t\t\tdata-xy=\"x:c;xo:-10px,-10px,-10px,-8px;yo:417px,417px,417px,326px;\"\n\t\t\t\t\t\t\t\tdata-text=\"w:normal;s:32,32,32,16;l:25,25,25,9;\"\n\t\t\t\t\t\t\t\tdata-frame_999=\"o:0;st:w;\"\n\t\t\t\t\t\t\t\tstyle=\"z-index:9;font-family:'Roboto';\"\n\t\t\t\t\t\t\t>Notre \u00e9quipe s'efforce de comprendre vos besoins et \n\t\t\t\t\t\t\t<\/rs-layer><!--\n\n\t\t\t\t\t\t\t--><a\n\t\t\t\t\t\t\t\tid=\"slider-2-slide-2-layer-4\" \n\t\t\t\t\t\t\t\tclass=\"rs-layer rev-btn\"\n\t\t\t\t\t\t\t\thref=\"http:\/\/khourylegalinc.com\/fr\/services\/\" target=\"_self\" rel=\"nofollow\"\n\t\t\t\t\t\t\t\tdata-type=\"button\"\n\t\t\t\t\t\t\t\tdata-rsp_ch=\"on\"\n\t\t\t\t\t\t\t\tdata-xy=\"xo:532px,532px,532px,151px;yo:502px,502px,502px,384px;\"\n\t\t\t\t\t\t\t\tdata-text=\"w:normal;s:22,22,22,18;l:40,40,40,15;\"\n\t\t\t\t\t\t\t\tdata-dim=\"minh:0px,0px,0px,none;\"\n\t\t\t\t\t\t\t\tdata-padding=\"t:0,0,0,5;r:25,25,25,10;b:0,0,0,5;l:25,25,25,10;\"\n\t\t\t\t\t\t\t\tdata-border=\"bos:solid;boc:rgba(255,255,255,0.35);bow:1px,1px,1px,1px;bor:25px,25px,25px,25px;\"\n\t\t\t\t\t\t\t\tdata-frame_999=\"o:0;st:w;\"\n\t\t\t\t\t\t\t\tdata-frame_hover=\"bgc:rgba(0,0,0,0);boc:rgba(255,255,255,0.75);bor:25px,25px,25px,25px;bos:solid;bow:1px,1px,1px,1px;e:power1.inOut;bri:120%;\"\n\t\t\t\t\t\t\t\tstyle=\"z-index:12;background-color:rgba(0,0,0,0.28);font-family:'Roboto';\"\n\t\t\t\t\t\t\t>Nos Services \n\t\t\t\t\t\t\t<\/a><!--\n-->\t\t\t\t\t<\/rs-slide>\n\t\t\t\t\t<\/rs-slides>\n\t\t\t\t<\/rs-module>\n\t\t\t\t<script>\n\t\t\t\t\tsetREVStartSize({c: 'rev_slider_2_1',rl:[1240,1240,1240,480],el:[900,900,900,720],gw:[1240,1240,1240,480],gh:[900,900,900,720],type:'standard',justify:'',layout:'fullscreen',offsetContainer:'',offset:'',mh:\"0\"});if (window.RS_MODULES!==undefined && window.RS_MODULES.modules!==undefined && window.RS_MODULES.modules[\"revslider21\"]!==undefined) {window.RS_MODULES.modules[\"revslider21\"].once = false;window.revapi2 = undefined;if (window.RS_MODULES.checkMinimal!==undefined) window.RS_MODULES.checkMinimal()}\n\t\t\t\t<\/script>\n\t\t\t<\/rs-module-wrap>\n\t\t\t<!-- END REVOLUTION SLIDER -->\n[\/vc_column][\/vc_row][vc_row full_width=&#8221;stretch_row_content&#8221; content_placement=&#8221;middle&#8221; css=&#8221;.vc_custom_1579565879301{margin-bottom: -40px !important;background-color: #0b0b0b !important;}&#8221; mobile_bg_img_hidden=&#8221;no&#8221; tablet_bg_img_hidden=&#8221;no&#8221; woodmart_parallax=&#8221;0&#8243; woodmart_gradient_switch=&#8221;no&#8221; row_reverse_mobile=&#8221;0&#8243; row_reverse_tablet=&#8221;0&#8243; woodmart_disable_overflow=&#8221;0&#8243;][vc_column width=&#8221;1\/2&#8243; woodmart_text_align=&#8221;center&#8221; css=&#8221;.vc_custom_1513690713051{border-right-width: 1px !important;padding-top: 30px !important;padding-bottom: 30px !important;border-right-color: rgba(255,255,255,0.15) !important;border-right-style: solid !important;}&#8221; offset=&#8221;vc_col-lg-3 vc_col-md-6&#8243;]\t\t\t<div class=\"info-box-wrapper \">\n\t\t\t\t<div id=\"wd-5e26451bac20b\" class=\" woodmart-info-box text-left box-icon-align-left box-style- color-scheme-light woodmart-bg-none box-title-small align vc_custom_1579566917399\"  >\n\t\t\t\t\t\t\t\t\t\t\t<div class=\"box-icon-wrapper  box-with-icon box-icon-simple\">\n\t\t\t\t\t\t\t<div class=\"info-box-icon\">\n\n\t\t\t\t\t\t\t\n\t\t\t\t\t\t\t\t\t\t\t\t\t\t\t\t\t<img decoding=\"async\" class=\"info-icon image-1 \" src=\"https:\/\/khourylegalinc.com\/wp-content\/uploads\/2019\/11\/Will-Icon-50x50.png\" width=\"50\" height=\"50\" alt=\"will icon\" title=\"Will-Icon\" loading=\"lazy\" \/>\t\t\t\t\t\t\t\t\t\t\t\t\t\t\t\t\n\t\t\t\t\t\t\t\n\t\t\t\t\t\t\t<\/div>\n\t\t\t\t\t\t<\/div>\n\t\t\t\t\t\t\t\t\t\t<div class=\"info-box-content\">\n\t\t\t\t\t\t<h4 class=\"info-box-title woodmart-font-weight- box-title-style-default\">Mandats En Pr\u00e9vision D'inaptitude<\/h4>\t\t\t\t\t\t<div class=\"info-box-inner reset-mb-10\">\n\t\t\t\t\t\t\t\t\t\t\t\t\t<\/div>\n\n\t\t\t\t\t\t\t\t\t\t\t\t\n\t\t\t\t\t<\/div>\n\n\t\t\t\t\t\t\t\t\t<\/div>\n\t\t\t<\/div>\n\t\t[\/vc_column][vc_column width=&#8221;1\/2&#8243; woodmart_text_align=&#8221;center&#8221; css=&#8221;.vc_custom_1513690710148{margin-bottom: 0px !important;border-right-width: 1px !important;padding-top: 30px !important;padding-bottom: 30px !important;border-right-color: rgba(255,255,255,0.15) !important;border-right-style: solid !important;}&#8221; offset=&#8221;vc_col-lg-3 vc_col-md-6&#8243;]\t\t\t<div class=\"info-box-wrapper \">\n\t\t\t\t<div id=\"wd-5e26474a32585\" class=\" woodmart-info-box text-left box-icon-align-left box-style- color-scheme-light woodmart-bg-none box-title-small align vc_custom_1579566932103\"  >\n\t\t\t\t\t\t\t\t\t\t\t<div class=\"box-icon-wrapper  box-with-icon box-icon-simple\">\n\t\t\t\t\t\t\t<div class=\"info-box-icon\">\n\n\t\t\t\t\t\t\t\n\t\t\t\t\t\t\t\t\t\t\t\t\t\t\t\t\t<img decoding=\"async\" class=\"info-icon image-1 \" src=\"https:\/\/khourylegalinc.com\/wp-content\/uploads\/2019\/11\/Incorporation-50x50.png\" width=\"50\" height=\"50\" alt=\"incorporation\" title=\"Incorporation\" loading=\"lazy\" \/>\t\t\t\t\t\t\t\t\t\t\t\t\t\t\t\t\n\t\t\t\t\t\t\t\n\t\t\t\t\t\t\t<\/div>\n\t\t\t\t\t\t<\/div>\n\t\t\t\t\t\t\t\t\t\t<div class=\"info-box-content\">\n\t\t\t\t\t\t<h4 class=\"info-box-title woodmart-font-weight- box-title-style-default\">Services Pour Les Soci\u00e9t\u00e9s<\/h4>\t\t\t\t\t\t<div class=\"info-box-inner reset-mb-10\">\n\t\t\t\t\t\t\t\t\t\t\t\t\t<\/div>\n\n\t\t\t\t\t\t\t\t\t\t\t\t\n\t\t\t\t\t<\/div>\n\n\t\t\t\t\t\t\t\t\t<\/div>\n\t\t\t<\/div>\n\t\t[\/vc_column][vc_column width=&#8221;1\/2&#8243; woodmart_text_align=&#8221;center&#8221; css=&#8221;.vc_custom_1513690720018{margin-bottom: 0px !important;border-right-width: 1px !important;padding-top: 30px !important;padding-bottom: 30px !important;border-right-color: rgba(255,255,255,0.15) !important;border-right-style: solid !important;}&#8221; offset=&#8221;vc_col-lg-3 vc_col-md-6&#8243;]\t\t\t<div class=\"info-box-wrapper \">\n\t\t\t\t<div id=\"wd-5e26475775769\" class=\" woodmart-info-box text-left box-icon-align-left box-style- color-scheme-light woodmart-bg-none box-title-small align vc_custom_1579566945018\"  >\n\t\t\t\t\t\t\t\t\t\t\t<div class=\"box-icon-wrapper  box-with-icon box-icon-simple\">\n\t\t\t\t\t\t\t<div class=\"info-box-icon\">\n\n\t\t\t\t\t\t\t\n\t\t\t\t\t\t\t\t\t\t\t\t\t\t\t\t\t<img decoding=\"async\" class=\"info-icon image-1 \" src=\"https:\/\/khourylegalinc.com\/wp-content\/uploads\/2019\/11\/Agreement-50x50.png\" width=\"50\" height=\"50\" alt=\"agreements\" title=\"Agreement\" loading=\"lazy\" \/>\t\t\t\t\t\t\t\t\t\t\t\t\t\t\t\t\n\t\t\t\t\t\t\t\n\t\t\t\t\t\t\t<\/div>\n\t\t\t\t\t\t<\/div>\n\t\t\t\t\t\t\t\t\t\t<div class=\"info-box-content\">\n\t\t\t\t\t\t<h4 class=\"info-box-title woodmart-font-weight- box-title-style-default\">Pr\u00eats, Financement Et Refinancement<\/h4>\t\t\t\t\t\t<div class=\"info-box-inner reset-mb-10\">\n\t\t\t\t\t\t\t\t\t\t\t\t\t<\/div>\n\n\t\t\t\t\t\t\t\t\t\t\t\t\n\t\t\t\t\t<\/div>\n\n\t\t\t\t\t\t\t\t\t<\/div>\n\t\t\t<\/div>\n\t\t[\/vc_column][vc_column width=&#8221;1\/2&#8243; woodmart_text_align=&#8221;center&#8221; css=&#8221;.vc_custom_1513690731547{margin-bottom: 0px !important;padding-top: 30px !important;padding-bottom: 30px !important;}&#8221; offset=&#8221;vc_col-lg-3 vc_col-md-6&#8243;]\t\t\t<div class=\"info-box-wrapper \">\n\t\t\t\t<div id=\"wd-5e264765e1fb6\" class=\" woodmart-info-box text-left box-icon-align-left box-style- color-scheme-light woodmart-bg-none box-title-small align vc_custom_1579566960107\"  >\n\t\t\t\t\t\t\t\t\t\t\t<div class=\"box-icon-wrapper  box-with-icon box-icon-simple\">\n\t\t\t\t\t\t\t<div class=\"info-box-icon\">\n\n\t\t\t\t\t\t\t\n\t\t\t\t\t\t\t\t\t\t\t\t\t\t\t\t\t<img decoding=\"async\" class=\"info-icon image-1 \" src=\"https:\/\/khourylegalinc.com\/wp-content\/uploads\/2019\/11\/Marriages-60x60.png\" width=\"60\" height=\"60\" alt=\"marriages\" title=\"Marriages\" loading=\"lazy\" \/>\t\t\t\t\t\t\t\t\t\t\t\t\t\t\t\t\n\t\t\t\t\t\t\t\n\t\t\t\t\t\t\t<\/div>\n\t\t\t\t\t\t<\/div>\n\t\t\t\t\t\t\t\t\t\t<div class=\"info-box-content\">\n\t\t\t\t\t\t<h4 class=\"info-box-title woodmart-font-weight- box-title-style-default\">Contrats De Mariage<\/h4>\t\t\t\t\t\t<div class=\"info-box-inner reset-mb-10\">\n\t\t\t\t\t\t\t\t\t\t\t\t\t<\/div>\n\n\t\t\t\t\t\t\t\t\t\t\t\t\n\t\t\t\t\t<\/div>\n\n\t\t\t\t\t\t\t\t\t<\/div>\n\t\t\t<\/div>\n\t\t[\/vc_column][\/vc_row]<\/p>\n<\/div>","protected":false},"excerpt":{"rendered":"<p>[vc_row css=&#8221;.vc_custom_1574153481269{margin-top: -50px !important;}&#8221; mobile_bg_img_hidden=&#8221;no&#8221; tablet_bg_img_hidden=&#8221;no&#8221; woodmart_parallax=&#8221;0&#8243; woodmart_gradient_switch=&#8221;no&#8221; row_reverse_mobile=&#8221;0&#8243; row_reverse_tablet=&#8221;0&#8243; woodmart_disable_overflow=&#8221;0&#8243;][vc_column][\/vc_column][\/vc_row][vc_row full_width=&#8221;stretch_row_content&#8221; content_placement=&#8221;middle&#8221; css=&#8221;.vc_custom_1579565879301{margin-bottom: -40px !important;background-color: #0b0b0b !important;}&#8221; mobile_bg_img_hidden=&#8221;no&#8221; tablet_bg_img_hidden=&#8221;no&#8221;<\/p>\n","protected":false},"author":1,"featured_media":0,"parent":0,"menu_order":0,"comment_status":"closed","ping_status":"closed","template":"","meta":{"footnotes":""},"class_list":["post-121","page","type-page","status-publish","hentry"],"yoast_head":"<!-- This site is optimized with the Yoast SEO plugin v22.4 - https:\/\/yoast.com\/wordpress\/plugins\/seo\/ -->\n<title>Meilleur notaire Montreal | Notaire ville mont royal | Rami Khoury<\/title>\n<meta name=\"description\" content=\"Notaire \u00e0 Montr\u00e9al, plus pr\u00e9cis\u00e9ment dans la ville de Mont Royal, M. Rami Khoury est dispos\u00e9 \u00e0 vous conseiller et \u00e0 vous expliquer vos droits, engagements et obligations.\" \/>\n<meta name=\"robots\" content=\"index, follow, max-snippet:-1, max-image-preview:large, max-video-preview:-1\" \/>\n<link rel=\"canonical\" href=\"https:\/\/site13533.gowizhost.com\/fr\/home\/\" \/>\n<meta property=\"og:locale\" content=\"fr_FR\" \/>\n<meta property=\"og:type\" content=\"article\" \/>\n<meta property=\"og:title\" content=\"Meilleur notaire Montreal | Notaire ville mont royal | Rami Khoury\" \/>\n<meta property=\"og:description\" content=\"Notaire \u00e0 Montr\u00e9al, plus pr\u00e9cis\u00e9ment dans la ville de Mont Royal, M. Rami Khoury est dispos\u00e9 \u00e0 vous conseiller et \u00e0 vous expliquer vos droits, engagements et obligations.\" \/>\n<meta property=\"og:url\" content=\"https:\/\/site13533.gowizhost.com\/fr\/home\/\" \/>\n<meta property=\"og:site_name\" content=\"Khoury Legal INC\" \/>\n<meta property=\"article:modified_time\" content=\"2021-02-25T11:51:48+00:00\" \/>\n<meta name=\"twitter:card\" content=\"summary_large_image\" \/>\n<meta name=\"twitter:label1\" content=\"Dur\u00e9e de lecture estim\u00e9e\" \/>\n\t<meta name=\"twitter:data1\" content=\"2 minutes\" \/>\n<script type=\"application\/ld+json\" class=\"yoast-schema-graph\">{\"@context\":\"https:\/\/schema.org\",\"@graph\":[{\"@type\":\"WebPage\",\"@id\":\"https:\/\/site13533.gowizhost.com\/fr\/home\/\",\"url\":\"https:\/\/site13533.gowizhost.com\/fr\/home\/\",\"name\":\"Meilleur notaire Montreal | Notaire ville mont royal | Rami Khoury\",\"isPartOf\":{\"@id\":\"https:\/\/site13533.gowizhost.com\/#website\"},\"datePublished\":\"2019-11-18T18:03:58+00:00\",\"dateModified\":\"2021-02-25T11:51:48+00:00\",\"description\":\"Notaire \u00e0 Montr\u00e9al, plus pr\u00e9cis\u00e9ment dans la ville de Mont Royal, M. Rami Khoury est dispos\u00e9 \u00e0 vous conseiller et \u00e0 vous expliquer vos droits, engagements et obligations.\",\"breadcrumb\":{\"@id\":\"https:\/\/site13533.gowizhost.com\/fr\/home\/#breadcrumb\"},\"inLanguage\":\"fr-FR\",\"potentialAction\":[{\"@type\":\"ReadAction\",\"target\":[\"https:\/\/site13533.gowizhost.com\/fr\/home\/\"]}]},{\"@type\":\"BreadcrumbList\",\"@id\":\"https:\/\/site13533.gowizhost.com\/fr\/home\/#breadcrumb\",\"itemListElement\":[{\"@type\":\"ListItem\",\"position\":1,\"name\":\"Home\",\"item\":\"https:\/\/site13533.gowizhost.com\/fr\/home\/\"},{\"@type\":\"ListItem\",\"position\":2,\"name\":\"Home\"}]},{\"@type\":\"WebSite\",\"@id\":\"https:\/\/site13533.gowizhost.com\/#website\",\"url\":\"https:\/\/site13533.gowizhost.com\/\",\"name\":\"Khoury Legal INC\",\"description\":\"Exclusive Legal Services\",\"potentialAction\":[{\"@type\":\"SearchAction\",\"target\":{\"@type\":\"EntryPoint\",\"urlTemplate\":\"https:\/\/site13533.gowizhost.com\/?s={search_term_string}\"},\"query-input\":\"required name=search_term_string\"}],\"inLanguage\":\"fr-FR\"}]}<\/script>\n<!-- \/ Yoast SEO plugin. -->","yoast_head_json":{"title":"Meilleur notaire Montreal | Notaire ville mont royal | Rami Khoury","description":"Notaire \u00e0 Montr\u00e9al, plus pr\u00e9cis\u00e9ment dans la ville de Mont Royal, M. Rami Khoury est dispos\u00e9 \u00e0 vous conseiller et \u00e0 vous expliquer vos droits, engagements et obligations.","robots":{"index":"index","follow":"follow","max-snippet":"max-snippet:-1","max-image-preview":"max-image-preview:large","max-video-preview":"max-video-preview:-1"},"canonical":"https:\/\/site13533.gowizhost.com\/fr\/home\/","og_locale":"fr_FR","og_type":"article","og_title":"Meilleur notaire Montreal | Notaire ville mont royal | Rami Khoury","og_description":"Notaire \u00e0 Montr\u00e9al, plus pr\u00e9cis\u00e9ment dans la ville de Mont Royal, M. Rami Khoury est dispos\u00e9 \u00e0 vous conseiller et \u00e0 vous expliquer vos droits, engagements et obligations.","og_url":"https:\/\/site13533.gowizhost.com\/fr\/home\/","og_site_name":"Khoury Legal INC","article_modified_time":"2021-02-25T11:51:48+00:00","twitter_card":"summary_large_image","twitter_misc":{"Dur\u00e9e de lecture estim\u00e9e":"2 minutes"},"schema":{"@context":"https:\/\/schema.org","@graph":[{"@type":"WebPage","@id":"https:\/\/site13533.gowizhost.com\/fr\/home\/","url":"https:\/\/site13533.gowizhost.com\/fr\/home\/","name":"Meilleur notaire Montreal | Notaire ville mont royal | Rami Khoury","isPartOf":{"@id":"https:\/\/site13533.gowizhost.com\/#website"},"datePublished":"2019-11-18T18:03:58+00:00","dateModified":"2021-02-25T11:51:48+00:00","description":"Notaire \u00e0 Montr\u00e9al, plus pr\u00e9cis\u00e9ment dans la ville de Mont Royal, M. Rami Khoury est dispos\u00e9 \u00e0 vous conseiller et \u00e0 vous expliquer vos droits, engagements et obligations.","breadcrumb":{"@id":"https:\/\/site13533.gowizhost.com\/fr\/home\/#breadcrumb"},"inLanguage":"fr-FR","potentialAction":[{"@type":"ReadAction","target":["https:\/\/site13533.gowizhost.com\/fr\/home\/"]}]},{"@type":"BreadcrumbList","@id":"https:\/\/site13533.gowizhost.com\/fr\/home\/#breadcrumb","itemListElement":[{"@type":"ListItem","position":1,"name":"Home","item":"https:\/\/site13533.gowizhost.com\/fr\/home\/"},{"@type":"ListItem","position":2,"name":"Home"}]},{"@type":"WebSite","@id":"https:\/\/site13533.gowizhost.com\/#website","url":"https:\/\/site13533.gowizhost.com\/","name":"Khoury Legal INC","description":"Exclusive Legal Services","potentialAction":[{"@type":"SearchAction","target":{"@type":"EntryPoint","urlTemplate":"https:\/\/site13533.gowizhost.com\/?s={search_term_string}"},"query-input":"required name=search_term_string"}],"inLanguage":"fr-FR"}]}},"_links":{"self":[{"href":"https:\/\/khourylegalinc.com\/fr\/wp-json\/wp\/v2\/pages\/121","targetHints":{"allow":["GET"]}}],"collection":[{"href":"https:\/\/khourylegalinc.com\/fr\/wp-json\/wp\/v2\/pages"}],"about":[{"href":"https:\/\/khourylegalinc.com\/fr\/wp-json\/wp\/v2\/types\/page"}],"author":[{"embeddable":true,"href":"https:\/\/khourylegalinc.com\/fr\/wp-json\/wp\/v2\/users\/1"}],"replies":[{"embeddable":true,"href":"https:\/\/khourylegalinc.com\/fr\/wp-json\/wp\/v2\/comments?post=121"}],"version-history":[{"count":7,"href":"https:\/\/khourylegalinc.com\/fr\/wp-json\/wp\/v2\/pages\/121\/revisions"}],"predecessor-version":[{"id":175,"href":"https:\/\/khourylegalinc.com\/fr\/wp-json\/wp\/v2\/pages\/121\/revisions\/175"}],"wp:attachment":[{"href":"https:\/\/khourylegalinc.com\/fr\/wp-json\/wp\/v2\/media?parent=121"}],"curies":[{"name":"wp","href":"https:\/\/api.w.org\/{rel}","templated":true}]}}